{"id":42217,"date":"2024-10-30T19:28:08","date_gmt":"2024-10-30T17:28:08","guid":{"rendered":"https:\/\/www.maxfitty.com\/?page_id=42217"},"modified":"2024-12-10T12:07:16","modified_gmt":"2024-12-10T10:07:16","slug":"terma-and-conditions","status":"publish","type":"page","link":"https:\/\/www.maxfitty.com\/sr\/terma-and-conditions\/","title":{"rendered":"Uslovi kori\u0161\u0107enja"},"content":{"rendered":"<div data-elementor-type=\"wp-page\" data-elementor-id=\"42217\" class=\"elementor elementor-42217\">\n\t\t\t\t<div class=\"elementor-element elementor-element-5999d7f8 e-flex e-con-boxed e-con e-parent\" data-id=\"5999d7f8\" data-element_type=\"container\">\n\t\t\t\t\t<div class=\"e-con-inner\">\n\t\t\t\t<div class=\"elementor-element elementor-element-7160be8f elementor-widget elementor-widget-text-editor\" data-id=\"7160be8f\" data-element_type=\"widget\" data-widget_type=\"text-editor.default\">\n\t\t\t\t<div class=\"elementor-widget-container\">\n\t\t\t\t\t\t\t<p><strong>ARTOS NETWORK<\/strong><br>Dunavska 7, 22320 In\u0111ija<br>Sportsko i rekrativno obrazovanje, 8551<br>Id: 67637054<br>PIB: 114513969<\/p>\n<p>ARTOS NETWORK nije u sistemu PDV.<\/p>\n<p>maxfitty.com<br>Tel: +381 62 8626 409<br>Email: nkserbija@outlook.de<\/p>\n<p>Merchant is offering fitness training and nutrition consulting in one-on-one or small group sessions. There are multiple training plans with weekly or lifetime pricing that are being delivered&nbsp;either on-site or online.<\/p>\n<p><span style=\"font-weight: 600;\">\u017dALBE I POVRA\u0106AJ NOVCA<\/span><\/p>\n<p>MAKSFITTY.COM sa ponosom objavljuje da smo pomogli svakom klijentu da se pribli\u017ei ili u potpunosti ostvari svoje ciljeve. Radimo na najvi\u0161em nivou profesionalizma i postavljamo zahtevne standarde za sebe. Kroz na\u0161e personalizovane sisteme obuke i planove ishrane zasnovane na dokazima za mu\u0161karce i \u017eene, pru\u017eamo garantovan put do uspeha.&nbsp;<span style=\"text-align: var(--text-align); background-color: transparent; color: var(--black); font-family: var(--font-main), sans-serif; letter-spacing: var(--font-main-letterspacing);\">U potpunosti vra\u0107amo novac na\u0161im klijentima ako ne do\u017eive pobolj\u0161anja u njegovoj\/njenoj kondiciji\/ishranjenosti u prve 4 nedelje programa.<\/span><\/p>\n<p>MAXFITTY.COM posluje pratec\u0301i praksu odgovornog privrednika.<br>\u017dalbe se \u0161alju preko na\u0161e kontakt stranice, odnosno putem info@makfitti.com ili na\u0161eg TikTok naloga.<br><span style=\"text-align: var(--text-align); background-color: transparent; color: var(--black); font-family: var(--font-main), sans-serif; letter-spacing: var(--font-main-letterspacing);\">Customer complaints will be addressed within 8 days from receiving them.&nbsp;<\/span><\/p>\n<p><strong>PRIVATNOST I LI\u010cNI PODACI<\/strong><\/p>\n<p>U ime MAKSFITTY.COM, posvec\u0301eni smo za\u0161titi privatnosti svih na\u0161ih kupaca. Prikupljamo samo neophodne, osnovne podatke o kupcima\/korisnicima i podatke neophodne za poslovanje i informisanje korisnika u skladu sa dobrim poslovnim obi\u010dajima i u cilju pru\u017eanja kvalitetne usluge. Klijentima dajemo moguc\u0301nost izbora, uklju\u010dujuc\u0301i moguc\u0301nost da odlu\u010de da li \u017eele ili ne da budu uklonjeni sa mailing lista koje se koriste za marketin\u0161ke kampanje. Svi podaci korisnika\/kupaca se strogo \u010duvaju i dostupni su samo zaposlenima kojima su podaci potrebni za obavljanje posla. Svi zaposleni u MAKSFITTY.COM (i poslovni partneri) odgovorni su za po\u0161tovanje principa za\u0161tite privatnosti.<\/p>\n<p><strong>OBRADA PLATNIH KARTICA<\/strong><\/p>\n<p>Trgovac prihvata uplate putem direktnog bankovnog transfera ili preko sledec\u0301ih CC provajdera: Visa, MasterCard, DinaCard i Maestro. Sva plac\u0301anja c\u0301e se vr\u0161iti u srpskoj valuti \u2013 dinarima (RSD). Iznos za koji c\u0301e biti naplac\u0301en Va\u0161 ra\u010dun sa kreditne kartice dobija se konverzijom cene u evrima u srpske dinare prema va\u017eec\u0301em kursu Narodne banke Srbije. Prilikom naplate va\u0161e kreditne kartice, isti iznos se pretvara u va\u0161u lokalnu valutu prema kursu udru\u017eenja kreditnih kartica. Kao rezultat ove konverzije postoji moguc\u0301nost male razlike u odnosu na originalnu cenu koja je navedena na na\u0161oj veb stranici.<\/p>\n<p>U slu\u010daju povrac\u0301aja sredstava korisniku koji je prethodno platio nekom od platnih kartica, delimi\u010dno ili u celosti, a bez obzira na razlog za povrac\u0301aj, MAKSFITTY.COM je u obavezi da izvr\u0161i povrac\u0301aj isklju\u010divo putem VISA, EC\/MC i Maestro na\u010dini plac\u0301anja, \u0161to zna\u010di da c\u0301e na zahtev prodavca banka izvr\u0161iti refundaciju sredstava na ra\u010dun korisnika kartice.<\/p>\n<p>Prilikom unosa podataka o platnim karticama, poverljive informacije se prenose putem javne mre\u017ee u za\u0161tic\u0301enom (\u0161ifrovanom) obliku kori\u0161c\u0301enjem SSL protokola i PKI sistema, kao trenutno najsavremenije kriptografske tehnologije.<\/p>\n<p>Sigurnost podataka prilikom kupovine garantuje procesor platnih kartica. Informacije o platnoj kartici nisu dostupne na\u0161em sistemu ni u jednom trenutku.<\/p>\n<p>Trgovac prihvata sve prikazane platne kartice bez favorita. Istovremeno, ne zahteva nikakve podatke koji nisu neophodni za obradu transakcije, niti ograni\u010dava iznose koji se mogu platiti pojedina\u010dnim karticama. Ovo ne spre\u010dava Trgovca da objavi maksimalni i minimalni iznos transakcije koji primenjuje bez obzira na na\u010din plac\u0301anja.<\/p>\t\t\t\t\t\t<\/div>\n\t\t\t\t<\/div>\n\t\t\t\t\t<\/div>\n\t\t\t\t<\/div>\n\t\t\t\t<\/div>","protected":false},"excerpt":{"rendered":"<p>ARTOS NETWORKDunavska 7, 22320 In\u0111ijaSportsko i rekrativno obrazovanje, 8551Id: 67637054Vat#: 114513969 ARTOS NETWORK is not subject to VAT. maxfitty.comTel: +381 62 8626 409Email: nkserbija@outlook.de Merchant is offering fitness training and [&hellip;]<\/p>\n","protected":false},"author":2,"featured_media":0,"parent":0,"menu_order":0,"comment_status":"closed","ping_status":"closed","template":"","meta":{"_price":"","_stock":"","_tribe_ticket_header":"","_tribe_default_ticket_provider":"","_tribe_ticket_capacity":"0","_ticket_start_date":"","_ticket_end_date":"","_tribe_ticket_show_description":"","_tribe_ticket_show_not_going":false,"_tribe_ticket_use_global_stock":"","_tribe_ticket_global_stock_level":"","_global_stock_mode":"","_global_stock_cap":"","_tribe_rsvp_for_event":"","_tribe_ticket_going_count":"","_tribe_ticket_not_going_count":"","_tribe_tickets_list":"[]","_tribe_ticket_has_attendee_info_fields":false,"footnotes":"","_tec_slr_enabled":"","_tec_slr_layout":""},"class_list":["post-42217","page","type-page","status-publish","hentry"],"jetpack_sharing_enabled":true,"ticketed":false,"_links":{"self":[{"href":"https:\/\/www.maxfitty.com\/sr\/wp-json\/wp\/v2\/pages\/42217"}],"collection":[{"href":"https:\/\/www.maxfitty.com\/sr\/wp-json\/wp\/v2\/pages"}],"about":[{"href":"https:\/\/www.maxfitty.com\/sr\/wp-json\/wp\/v2\/types\/page"}],"author":[{"embeddable":true,"href":"https:\/\/www.maxfitty.com\/sr\/wp-json\/wp\/v2\/users\/2"}],"replies":[{"embeddable":true,"href":"https:\/\/www.maxfitty.com\/sr\/wp-json\/wp\/v2\/comments?post=42217"}],"version-history":[{"count":48,"href":"https:\/\/www.maxfitty.com\/sr\/wp-json\/wp\/v2\/pages\/42217\/revisions"}],"predecessor-version":[{"id":42417,"href":"https:\/\/www.maxfitty.com\/sr\/wp-json\/wp\/v2\/pages\/42217\/revisions\/42417"}],"wp:attachment":[{"href":"https:\/\/www.maxfitty.com\/sr\/wp-json\/wp\/v2\/media?parent=42217"}],"curies":[{"name":"wp","href":"https:\/\/api.w.org\/{rel}","templated":true}]}}